{"id":392,"date":"2022-07-04T13:07:58","date_gmt":"2022-07-04T13:07:58","guid":{"rendered":"https:\/\/castwerk.net\/?page_id=392"},"modified":"2023-11-02T12:13:59","modified_gmt":"2023-11-02T12:13:59","slug":"produkte","status":"publish","type":"page","link":"https:\/\/www.castwerk.com\/?page_id=392","title":{"rendered":"Produkte"},"content":{"rendered":"<p><img loading=\"lazy\" decoding=\"async\" width=\"1920\" height=\"969\" src=\"https:\/\/castwerk.net\/wp-content\/uploads\/2022\/07\/castwerk_automobil-4b.jpg\" alt=\"\" loading=\"lazy\" srcset=\"https:\/\/castwerk.net\/wp-content\/uploads\/2022\/07\/castwerk_automobil-4b.jpg 1920w, https:\/\/castwerk.net\/wp-content\/uploads\/2022\/07\/castwerk_automobil-4b-300x151.jpg 300w, https:\/\/castwerk.net\/wp-content\/uploads\/2022\/07\/castwerk_automobil-4b-1024x517.jpg 1024w, https:\/\/castwerk.net\/wp-content\/uploads\/2022\/07\/castwerk_automobil-4b-768x388.jpg 768w, https:\/\/castwerk.net\/wp-content\/uploads\/2022\/07\/castwerk_automobil-4b-1536x775.jpg 1536w\" sizes=\"(max-width: 1920px) 100vw, 1920px\" \/><br \/>\n<img loading=\"lazy\" decoding=\"async\" width=\"1311\" height=\"1411\" src=\"https:\/\/castwerk.net\/wp-content\/uploads\/2022\/07\/castwerk_automobil-4b-mobile.jpg\" alt=\"\" loading=\"lazy\" srcset=\"https:\/\/castwerk.net\/wp-content\/uploads\/2022\/07\/castwerk_automobil-4b-mobile.jpg 1311w, https:\/\/castwerk.net\/wp-content\/uploads\/2022\/07\/castwerk_automobil-4b-mobile-279x300.jpg 279w, https:\/\/castwerk.net\/wp-content\/uploads\/2022\/07\/castwerk_automobil-4b-mobile-951x1024.jpg 951w, https:\/\/castwerk.net\/wp-content\/uploads\/2022\/07\/castwerk_automobil-4b-mobile-768x827.jpg 768w\" sizes=\"(max-width: 1311px) 100vw, 1311px\" \/><\/p>\n<h1>Pr\u00e4zise,<br \/>\nNachhaltig<\/h1>\n<h1>und effizient<\/h1>\n<h3>Immer einen Schritt voraus. Ob Druckguss oder Thixomolding, Stanzen oder andere Verfahren.<\/h3>\n<p>Bei jeglicher Metallverarbeitung verlassen wir uns nicht allein auf bew\u00e4hrte Technologien, sondern streben nach neuen Verfahren, mit denen wir noch pr\u00e4ziser, effizienter und sicherer produzieren k\u00f6nnen. <strong>Castwerk Technologies<\/strong> kooperiert mit f\u00fchrenden Universit\u00e4ten, Forschungseinrichtungen und Organisationen. Wir sind stets auf dem neusten Stand der Technik.<\/p>\n<p><a href=\"\">Effizienz<\/a><\/p>\n<p>Als f\u00fchrender L\u00f6sungsanbieter f\u00fcr technologische L\u00f6sungen mit Magnesium leisten wir unseren Beitrag zur Klimabilanz. Durch Gewichtseinsparungen bis zu 30% im Vergleich zu Aluminium, tragen wir zur Reduzierung des CO\u00b2-Fu\u00dfabdruckes bei. D\u00fcnne Wandst\u00e4rken und hohe Maschinenstandzeiten machen Magnesium zu einer kosteng\u00fcnstigen L\u00f6sungsalternative f\u00fcr Industrie- und Automobilbranche.<\/p>\n<p><a href=\"\">Magnesium<\/a><\/p>\n<p>Die Besonderheiten von Magnesium liegen in der Gewichtsoptimierung und in der hohen Festigkeit des Bauteils.<\/p>\n<p>Die nachhaltige Verf\u00fcgbarkeit von Magnesium ist unumstritten.\u00a0(1,3 kg\/m\u00b3 Meerwasser)<\/p>\n<p><a href=\"\">Bandbreite<\/a><\/p>\n<p>Wir bieten als einziges Unternehmen in Europa unseren Kunden die gesamte Bandbreite der Magnesium-Fertigungstechnologien an.<\/p>\n","protected":false},"excerpt":{"rendered":"<p>Pr\u00e4zise, Nachhaltig und effizient Immer einen Schritt voraus. Ob Druckguss oder Thixomolding, Stanzen oder andere Verfahren. Bei jeglicher Metallverarbeitung verlassen wir uns nicht allein auf bew\u00e4hrte Technologien, sondern streben nach neuen Verfahren, mit denen wir noch pr\u00e4ziser, effizienter und sicherer produzieren k\u00f6nnen. Castwerk Technologies kooperiert mit f\u00fchrenden Universit\u00e4ten, Forschungseinrichtungen und Organisationen. Wir sind stets auf [&hellip;]<\/p>\n","protected":false},"author":1,"featured_media":64,"parent":0,"menu_order":0,"comment_status":"closed","ping_status":"closed","template":"elementor_header_footer","meta":{"footnotes":""},"yoast_head":"<!-- This site is optimized with the Yoast SEO plugin v21.5 - https:\/\/yoast.com\/wordpress\/plugins\/seo\/ -->\n<title>Castwerk Technologies | Produkte<\/title>\n<meta name=\"description\" content=\"Immer einen Schritt voraus. Ob Druckguss oder Thixomolding, Stanzen oder andere Verfahren.\" \/>\n<meta name=\"robots\" content=\"index, follow, max-snippet:-1, max-image-preview:large, max-video-preview:-1\" \/>\n<link rel=\"canonical\" href=\"https:\/\/www.castwerk.com\/?page_id=392\" \/>\n<meta property=\"og:locale\" content=\"de_DE\" \/>\n<meta property=\"og:type\" content=\"article\" \/>\n<meta property=\"og:title\" content=\"Castwerk Technologies | Produkte\" \/>\n<meta property=\"og:description\" content=\"Immer einen Schritt voraus. Ob Druckguss oder Thixomolding, Stanzen oder andere Verfahren.\" \/>\n<meta property=\"og:url\" content=\"https:\/\/www.castwerk.com\/?page_id=392\" \/>\n<meta property=\"og:site_name\" content=\"Castwerk Technologies\" \/>\n<meta property=\"article:modified_time\" content=\"2023-11-02T12:13:59+00:00\" \/>\n<meta property=\"og:image\" content=\"https:\/\/www.castwerk.com\/wp-content\/uploads\/2022\/06\/castwerk-OG-1.jpg\" \/>\n\t<meta property=\"og:image:width\" content=\"1200\" \/>\n\t<meta property=\"og:image:height\" content=\"630\" \/>\n\t<meta property=\"og:image:type\" content=\"image\/jpeg\" \/>\n<meta name=\"twitter:card\" content=\"summary_large_image\" \/>\n<meta name=\"twitter:label1\" content=\"Gesch\u00e4tzte Lesezeit\" \/>\n\t<meta name=\"twitter:data1\" content=\"2 Minuten\" \/>\n<script type=\"application\/ld+json\" class=\"yoast-schema-graph\">{\"@context\":\"https:\/\/schema.org\",\"@graph\":[{\"@type\":\"WebPage\",\"@id\":\"https:\/\/www.castwerk.com\/?page_id=392\",\"url\":\"https:\/\/www.castwerk.com\/?page_id=392\",\"name\":\"Castwerk Technologies | Produkte\",\"isPartOf\":{\"@id\":\"https:\/\/www.castwerk.com\/#website\"},\"datePublished\":\"2022-07-04T13:07:58+00:00\",\"dateModified\":\"2023-11-02T12:13:59+00:00\",\"description\":\"Immer einen Schritt voraus. Ob Druckguss oder Thixomolding, Stanzen oder andere Verfahren.\",\"breadcrumb\":{\"@id\":\"https:\/\/www.castwerk.com\/?page_id=392#breadcrumb\"},\"inLanguage\":\"de-DE\",\"potentialAction\":[{\"@type\":\"ReadAction\",\"target\":[\"https:\/\/www.castwerk.com\/?page_id=392\"]}]},{\"@type\":\"BreadcrumbList\",\"@id\":\"https:\/\/www.castwerk.com\/?page_id=392#breadcrumb\",\"itemListElement\":[{\"@type\":\"ListItem\",\"position\":1,\"name\":\"Startseite\",\"item\":\"http:\/\/www.castwerk.com\/\"},{\"@type\":\"ListItem\",\"position\":2,\"name\":\"Produkte\"}]},{\"@type\":\"WebSite\",\"@id\":\"https:\/\/www.castwerk.com\/#website\",\"url\":\"https:\/\/www.castwerk.com\/\",\"name\":\"Castwerk Technologies\",\"description\":\"Magnesium Casting Solutions - Wir machen es leichter\",\"publisher\":{\"@id\":\"https:\/\/www.castwerk.com\/#organization\"},\"potentialAction\":[{\"@type\":\"SearchAction\",\"target\":{\"@type\":\"EntryPoint\",\"urlTemplate\":\"https:\/\/www.castwerk.com\/?s={search_term_string}\"},\"query-input\":\"required name=search_term_string\"}],\"inLanguage\":\"de-DE\"},{\"@type\":\"Organization\",\"@id\":\"https:\/\/www.castwerk.com\/#organization\",\"name\":\"Castwerk Technologies\",\"url\":\"https:\/\/www.castwerk.com\/\",\"logo\":{\"@type\":\"ImageObject\",\"inLanguage\":\"de-DE\",\"@id\":\"https:\/\/www.castwerk.com\/#\/schema\/logo\/image\/\",\"url\":\"https:\/\/www.castwerk.com\/wp-content\/uploads\/2022\/06\/castwerk_logo.svg\",\"contentUrl\":\"https:\/\/www.castwerk.com\/wp-content\/uploads\/2022\/06\/castwerk_logo.svg\",\"width\":201,\"height\":49,\"caption\":\"Castwerk Technologies\"},\"image\":{\"@id\":\"https:\/\/www.castwerk.com\/#\/schema\/logo\/image\/\"}}]}<\/script>\n<!-- \/ Yoast SEO plugin. -->","yoast_head_json":{"title":"Castwerk Technologies | Produkte","description":"Immer einen Schritt voraus. Ob Druckguss oder Thixomolding, Stanzen oder andere Verfahren.","robots":{"index":"index","follow":"follow","max-snippet":"max-snippet:-1","max-image-preview":"max-image-preview:large","max-video-preview":"max-video-preview:-1"},"canonical":"https:\/\/www.castwerk.com\/?page_id=392","og_locale":"de_DE","og_type":"article","og_title":"Castwerk Technologies | Produkte","og_description":"Immer einen Schritt voraus. Ob Druckguss oder Thixomolding, Stanzen oder andere Verfahren.","og_url":"https:\/\/www.castwerk.com\/?page_id=392","og_site_name":"Castwerk Technologies","article_modified_time":"2023-11-02T12:13:59+00:00","og_image":[{"width":1200,"height":630,"url":"https:\/\/www.castwerk.com\/wp-content\/uploads\/2022\/06\/castwerk-OG-1.jpg","type":"image\/jpeg"}],"twitter_card":"summary_large_image","twitter_misc":{"Gesch\u00e4tzte Lesezeit":"2 Minuten"},"schema":{"@context":"https:\/\/schema.org","@graph":[{"@type":"WebPage","@id":"https:\/\/www.castwerk.com\/?page_id=392","url":"https:\/\/www.castwerk.com\/?page_id=392","name":"Castwerk Technologies | Produkte","isPartOf":{"@id":"https:\/\/www.castwerk.com\/#website"},"datePublished":"2022-07-04T13:07:58+00:00","dateModified":"2023-11-02T12:13:59+00:00","description":"Immer einen Schritt voraus. Ob Druckguss oder Thixomolding, Stanzen oder andere Verfahren.","breadcrumb":{"@id":"https:\/\/www.castwerk.com\/?page_id=392#breadcrumb"},"inLanguage":"de-DE","potentialAction":[{"@type":"ReadAction","target":["https:\/\/www.castwerk.com\/?page_id=392"]}]},{"@type":"BreadcrumbList","@id":"https:\/\/www.castwerk.com\/?page_id=392#breadcrumb","itemListElement":[{"@type":"ListItem","position":1,"name":"Startseite","item":"http:\/\/www.castwerk.com\/"},{"@type":"ListItem","position":2,"name":"Produkte"}]},{"@type":"WebSite","@id":"https:\/\/www.castwerk.com\/#website","url":"https:\/\/www.castwerk.com\/","name":"Castwerk Technologies","description":"Magnesium Casting Solutions - Wir machen es leichter","publisher":{"@id":"https:\/\/www.castwerk.com\/#organization"},"potentialAction":[{"@type":"SearchAction","target":{"@type":"EntryPoint","urlTemplate":"https:\/\/www.castwerk.com\/?s={search_term_string}"},"query-input":"required name=search_term_string"}],"inLanguage":"de-DE"},{"@type":"Organization","@id":"https:\/\/www.castwerk.com\/#organization","name":"Castwerk Technologies","url":"https:\/\/www.castwerk.com\/","logo":{"@type":"ImageObject","inLanguage":"de-DE","@id":"https:\/\/www.castwerk.com\/#\/schema\/logo\/image\/","url":"https:\/\/www.castwerk.com\/wp-content\/uploads\/2022\/06\/castwerk_logo.svg","contentUrl":"https:\/\/www.castwerk.com\/wp-content\/uploads\/2022\/06\/castwerk_logo.svg","width":201,"height":49,"caption":"Castwerk Technologies"},"image":{"@id":"https:\/\/www.castwerk.com\/#\/schema\/logo\/image\/"}}]}},"_links":{"self":[{"href":"https:\/\/www.castwerk.com\/index.php?rest_route=\/wp\/v2\/pages\/392"}],"collection":[{"href":"https:\/\/www.castwerk.com\/index.php?rest_route=\/wp\/v2\/pages"}],"about":[{"href":"https:\/\/www.castwerk.com\/index.php?rest_route=\/wp\/v2\/types\/page"}],"author":[{"embeddable":true,"href":"https:\/\/www.castwerk.com\/index.php?rest_route=\/wp\/v2\/users\/1"}],"replies":[{"embeddable":true,"href":"https:\/\/www.castwerk.com\/index.php?rest_route=%2Fwp%2Fv2%2Fcomments&post=392"}],"version-history":[{"count":37,"href":"https:\/\/www.castwerk.com\/index.php?rest_route=\/wp\/v2\/pages\/392\/revisions"}],"predecessor-version":[{"id":1701,"href":"https:\/\/www.castwerk.com\/index.php?rest_route=\/wp\/v2\/pages\/392\/revisions\/1701"}],"wp:featuredmedia":[{"embeddable":true,"href":"https:\/\/www.castwerk.com\/index.php?rest_route=\/wp\/v2\/media\/64"}],"wp:attachment":[{"href":"https:\/\/www.castwerk.com\/index.php?rest_route=%2Fwp%2Fv2%2Fmedia&parent=392"}],"curies":[{"name":"wp","href":"https:\/\/api.w.org\/{rel}","templated":true}]}}